{"id":494,"date":"2015-06-11T20:58:50","date_gmt":"2015-06-11T20:58:50","guid":{"rendered":"http:\/\/myriamyates.local\/?page_id=494&#038;lang=en"},"modified":"2021-02-23T14:09:51","modified_gmt":"2021-02-23T14:09:51","slug":"cv","status":"publish","type":"page","link":"https:\/\/www.myriamyates.com\/en\/cv\/","title":{"rendered":"CV"},"content":{"rendered":"<div class=\"cv-container\">\n<h2 style=\"margin-top: 0; padding-top: 0; background: none; font-size: 1.4em;\">CV<\/h2>\n<p><a href=\"http:\/\/www.myriamyates.com\/my_2\/wp-content\/uploads\/2020\/03\/CV_MYates_March2020EN.pdf\" target=\"_blank\">CV_MYates_March2020EN<\/a><\/p>\n<h2>EDUCATION<\/h2>\n<div class=\"cvline clearfix\">\n<div class=\"cvdates2\">2001-2004<\/div>\n<div class=\"cvinfo2\">MFA\u2014(Master degree in Visual Arts) Universit\u00e9 du Qu\u00e9bec \u00e0 Montr\u00e9al (UQ\u00c0M)<\/div>\n<\/div>\n<div class=\"cvline clearfix\">\n<div class=\"cvdates\">2002<\/div>\n<div class=\"cvinfo\">Internship\u2014Video Department, \u00c9cole Nationale Sup\u00e9rieure des Arts D\u00e9coratifs (Paris)<\/div>\n<\/div>\n<div class=\"cvline clearfix\">\n<div class=\"cvdates2\">2000-2001<\/div>\n<div class=\"cvinfo2\">BFA\u2014Graphic Design, UQ\u00c0M (Montr\u00e9al, Qu\u00e9bec)<\/div>\n<\/div>\n<div class=\"cvline clearfix\">\n<div class=\"cvdates2\">1998-1999<\/div>\n<div class=\"cvinfo2\">Communication\/advertising certificate\u2014Universit\u00e9 de Montr\u00e9al (Qu\u00e9bec)<\/div>\n<\/div>\n<div class=\"cvline clearfix\">\n<div class=\"cvdates2\">1992-1996<\/div>\n<div class=\"cvinfo2\">BFA\u2014(Visual arts Bachelor degree) Universit\u00e9 du Qu\u00e9bec \u00e0 Montr\u00e9al, (Montr\u00e9al, Qu\u00e9bec)<\/div>\n<\/div>\n<h2>WORK EXPERIENCE<\/h2>\n<div class=\"cvline clearfix\">\n<div class=\"cvdates2\">2015-2017<\/div>\n<div class=\"cvinfo\">Lecturer Sherbrooke University : Int\u00e9gration au contexte professionnel, Dipl\u00f4me de 2e cycle en pratiques artistiques actuelles.<\/div>\n<\/div>\n<div class=\"cvdates\">2017<\/div>\n<div class=\"cvinfo\">Lecturer Sherbrooke University : Photography : Artistic Approach.<\/div>\n<div class=\"cvline clearfix\">\n<div class=\"cvdates\">2016<\/div>\n<div class=\"cvinfo\">Lecturer Sherbrooke University : Photography : Language and technic.<\/div>\n<div class=\"cvline clearfix\">\n<div class=\"cvdates\">2014<\/div>\n<div class=\"cvinfo\">Lecturer Technology of Architecture program, S\u00e9minaire de Sherbrooke (Qu\u00e9bec).<\/div>\n<\/div>\n<div class=\"cvline clearfix\">\n<div class=\"cvdates2\">2009-2014<\/div>\n<div class=\"cvinfo2\">Artistic director and programming coordinator, Sporobole art centre (Sherbrooke).<\/div>\n<\/div>\n<div class=\"cvline clearfix\">\n<div class=\"cvdates\">2008<\/div>\n<div class=\"cvinfo\">Lecturer in Photography course, certificat d\u2019art visuel de l\u2019Universit\u00e9 de Sherbrooke (Qu\u00e9bec).<\/div>\n<\/div>\n<div class=\"cvline clearfix\">\n<div class=\"cvdates\">2008<\/div>\n<div class=\"cvinfo\">Coordinator for Professional Development\u2014Conseil qu\u00e9b\u00e9cois des arts m\u00e9diatiques (CQAM)<\/div>\n<\/div>\n<div class=\"cvline clearfix\">\n<div class=\"cvdates\">2006<\/div>\n<div class=\"cvinfo\">Programming coordinator\u2014StudioXX, a bilingual feminist digital art centre<\/div>\n<\/div>\n<div class=\"cvline clearfix\">\n<div class=\"cvdates2\">2005-2006<\/div>\n<div class=\"cvinfo2\">Production manager\u2014La revue esse arts+opinions, periodical. www.esse.ca<\/div>\n<\/div>\n<div class=\"cvline clearfix\">\n<div class=\"cvdates\">2005<\/div>\n<div class=\"cvinfo\">Production coordinator\u2014Festival HTMlles, bi-annual international media-arts festival, StudioXX.<\/div>\n<\/div>\n<div class=\"cvline clearfix\">\n<div class=\"cvdates\">2003<\/div>\n<div class=\"cvinfo\">Programming assistant\u2014New Media, Montr\u00e9al Festival du nouveau cin\u00e9ma.<\/div>\n<\/div>\n<div class=\"cvline clearfix\">\n<div class=\"cvdates\">2001<\/div>\n<div class=\"cvinfo\">Assistant, department of photography, Canadian Centre for Architecture.<\/div>\n<\/div>\n<h2>PRESENTATIONS<\/h2>\n<div class=\"cvline clearfix\">\n<div class=\"cvdates\">2013<\/div>\n<div class=\"cvinfo\">Coll\u00e8ge Champlain, Lennoxville, Qu\u00e9bec, nov. 2013<\/div>\n<\/div>\n<div class=\"cvline clearfix\">\n<div class=\"cvdates\">2013<\/div>\n<div class=\"cvinfo\">Canadian Centre for Architecture, ABC-MTL, (Montreal, Canada).<\/div>\n<\/div>\n<div class=\"cvline clearfix\">\n<div class=\"cvdates\">2012<\/div>\n<div class=\"cvinfo\">Images Festival, Artist Talk People and Place (Toronto, Art Gallery of Ontario)<\/div>\n<\/div>\n<div class=\"cvline clearfix\">\n<div class=\"cvdates\">2011<\/div>\n<div class=\"cvinfo\">Mus\u00e9e d&#8217;art contemporain de Montr\u00e9al, The Qu\u00e9bec Triennal 2011, artist talk (Oct. 29).<\/div>\n<\/div>\n<div class=\"cvline clearfix\">\n<div class=\"cvdates\">2009<\/div>\n<div class=\"cvinfo\">Bishop&#8217;s University, (Lennoxville, Canada) Fine Arts program, artist presentation.<\/div>\n<\/div>\n<div class=\"cvline clearfix\">\n<div class=\"cvdates\">2009<\/div>\n<div class=\"cvinfo\">La Manufacture de films @ Main Film (Montr\u00e9al)\u2014presentation of work in progress.<\/div>\n<\/div>\n<div class=\"cvline clearfix\">\n<div class=\"cvdates\">2007<\/div>\n<div class=\"cvinfo\">Rencontres Internationales Paris-Berlin, Th\u00e9\u00e2tre Babylone (Berlin)\u2014 Occupants video.<\/div>\n<\/div>\n<div class=\"cvline clearfix\">\n<div class=\"cvdates\">2006<\/div>\n<div class=\"cvinfo\">Les lundis d&#8217;Hexagram lectures, SAT (Montr\u00e9al).<\/div>\n<\/div>\n<div class=\"cvline clearfix\">\n<div class=\"cvdates\">2005<\/div>\n<div class=\"cvinfo\">XX Files, CKUT 90,3 FM (Montr\u00e9al)\u2014radio interview.<\/div>\n<\/div>\n<div class=\"cvline clearfix\">\n<div class=\"cvdates\">2005<\/div>\n<div class=\"cvinfo\">Festival du Nouveau Cin\u00e9ma, Open Source lectures, (Montr\u00e9al). http:\/\/www.nouveaucinema.ca\/home<\/div>\n<\/div>\n<div class=\"cvline clearfix\">\n<div class=\"cvdates\">2005<\/div>\n<div class=\"cvinfo\">Banff New Media Institute, Interactive Screen 05 lectures\u2014artist pr\u00e9sentation, Alberta, Canada. http:\/\/www.banffcentre.ca\/<\/div>\n<\/div>\n<div class=\"cvline clearfix\">\n<div class=\"cvdates\">2004<\/div>\n<div class=\"cvinfo\">Centre des arts actuels Skol (Montr\u00e9al)\u2014artist presentation for the exhibition \u00c9chapp\u00e9es, connivences.<\/div>\n<\/div>\n<div class=\"cvline clearfix\">\n<div class=\"cvdates\">2004<\/div>\n<div class=\"cvinfo\">Banff Centre, Intra-Nation th\u00e9matic residency, Alberta, Canada.<\/div>\n<\/div>\n<h2>WORKSHOPS<\/h2>\n<div class=\"cvline clearfix\">\n<div class=\"cvdates\">2014<\/div>\n<div class=\"cvinfo\">Galerie Les Territoires, Photoforum, portefolio reviews of emerging artists.<\/div>\n<\/div>\n<div class=\"cvline clearfix\">\n<div class=\"cvdates\">2012<\/div>\n<div class=\"cvinfo\">Middlebury College (Vermont, USA), invited with Patric Lacasse to give workshops in visual arts at the French School of the Summer Program<\/div>\n<\/div>\n<h2>EXHIBITIONS<\/h2>\n<h3>Solo<\/h3>\n<div class=\"cvline clearfix\">\n<div class=\"cvdates\">2021<\/div>\n<div class=\"cvinfo\">Optica, centre en art contemporain, Nov. 6 to Dec. 18 2021<\/div>\n<\/div>\n<div class=\"cvline clearfix\">\n<div class=\"cvdates\">2018<\/div>\n<div class=\"cvinfo\">Dazibao centre de photographies actuelles<\/div>\n<\/div>\n<div class=\"cvline clearfix\">\n<div class=\"cvdates\">2017<\/div>\n<div class=\"cvinfo\">The Room Provincial Gallery, Newfoundland. Curator : Vicky Chainey-Gagnon<\/div>\n<\/div>\n<div class=\"cvline clearfix\">\n<div class=\"cvdates\">2016<\/div>\n<div class=\"cvinfo\">Maison de la culture Plateau Mt-Royal, rencontres Montr\u00e9al-Estrie. Curator : Line Dezainde<\/div>\n<\/div>\n<div class=\"cvline clearfix\">\n<div class=\"cvdates\">2015<\/div>\n<div class=\"cvinfo\">Prefix Institute of Contemporary Art (Toronto, On). Curator : Scott McLoed (Feb.- March) .<\/div>\n<\/div>\n<div class=\"cvline clearfix\">\n<div class=\"cvdates\">2014<\/div>\n<div class=\"cvinfo\">Sightings &#8211; program of satellite exhibitions, Leonard &amp; Bina Ellen Art Gallery, Concordia University. Curator : M\u00e9lanie Rainville. Nov-Jan. 2015.<\/div>\n<\/div>\n<div class=\"cvline clearfix\">\n<div class=\"cvdates\">2013<\/div>\n<div class=\"cvinfo\">Foreman Art Gallery, of Bishop\u2019s University, Sherbrooke, (Qu\u00e9bec, Canada). Curator: Vicky Chainey Gagnon http:\/\/www.foreman.ubishops.ca\/home.html<\/div>\n<\/div>\n<div class=\"cvline clearfix\">\n<div class=\"cvdates\">2012<\/div>\n<div class=\"cvinfo\">Cirque du Soleil, permanent artwork for the headquarters in Montr\u00e9al (Qu\u00e9bec). Produced by Cirque du Soleil, action culturelle.<\/div>\n<\/div>\n<div class=\"cvline clearfix\">\n<div class=\"cvdates\">2009<\/div>\n<div class=\"cvinfo\">Syntoniser-Night Park\u2014Optica centre for contemporary art (Montr\u00e9al).<\/div>\n<\/div>\n<div class=\"cvline clearfix\">\n<div class=\"cvdates\">2007<\/div>\n<div class=\"cvinfo\">Isolations\u2014Le Mois de la Photo \u00e0 Montr\u00e9al, &#8220;Replaying Narrative&#8221;. Curator: Marie Fraser.<\/div>\n<\/div>\n<div class=\"cvline clearfix\">\n<div class=\"cvdates\">2004<\/div>\n<div class=\"cvinfo\">\u00c9chapp\u00e9es, connivences\u2014Centre des arts actuels SKOL (Montr\u00e9al).<\/div>\n<\/div>\n<div class=\"cvline clearfix\">\n<div class=\"cvdates\">2003<\/div>\n<div class=\"cvinfo\">Prendre entre les deux\u2014Galerie La Centrale-Powerhouse (Montr\u00e9al).<\/div>\n<\/div>\n<h3>Group<\/h3>\n<div class=\"cvline clearfix\">\n<div class=\"cvdates\">2013<\/div>\n<div class=\"cvinfo\">Canadian Centre for Architecture (Montr\u00e9al, Canada) \/ ABC : MTL<\/div>\n<\/div>\n<div class=\"cvline clearfix\">\n<div class=\"cvdates\">2012<\/div>\n<div class=\"cvinfo\">CCS Bard (Centre for Curatorial Studies) Bard Hessel Museum, curator : Janine Armin, Annandale-on-Hudson, New-York, http:\/\/www.bard.edu\/ccs\/<\/div>\n<\/div>\n<div class=\"cvline clearfix\">\n<div class=\"cvdates\">2011<\/div>\n<div class=\"cvinfo\">The Qu\u00e9bec Triennial 2011: The Work Ahead of Us, Mus\u00e9e d&#8217;art contemporain de Montr\u00e9al. Curators : Marie Fraser, Lesley Johnston, Mark Lanct\u00f4t and Fran\u00e7ois Letourneux. http:\/\/www.macm.org\/en\/expositions\/quebec-triennial-2011\/<\/div>\n<\/div>\n<div class=\"cvline clearfix\">\n<div class=\"cvdates\">2011<\/div>\n<div class=\"cvinfo\">Salon du printemps des artistes des Cantons-de-l&#8217;Est, Mus\u00e9e des Beaux-Arts de Sherbrooke\u2014in collaboration with the acquistions program of the Loto-Quebec collection.<\/div>\n<\/div>\n<div class=\"cvline clearfix\">\n<div class=\"cvdates\">2010<\/div>\n<div class=\"cvinfo\">Amphith\u00e9\u00e2tre. Manifestation internationale d&#8217;art de Qu\u00e9bec (Qu\u00e9bec). Curator: Sylvie Fortin. http:\/\/manifdart.org\/manif5\/manif-dart5\/myriam-yates<\/div>\n<\/div>\n<div class=\"cvline clearfix\">\n<div class=\"cvdates\">2010<\/div>\n<div class=\"cvinfo\">A Space Between Mirrors. Expansion, Galerie de l&#8217;UQ\u00c0M (Montr\u00e9al). Curators: Louise D\u00e9ry and Audrey Genois. http:\/\/www.galerie.uqam.ca\/Expositions\/Communique\/2010\/expansion.htm<\/div>\n<\/div>\n<div class=\"cvline clearfix\">\n<div class=\"cvdates\">2006<\/div>\n<div class=\"cvinfo\">Occupants. Oakville Galleries (Toronto) (MACM touring exhibition &#8220;Urban Territories&#8221;, see below.) http:\/\/www.oakvillegalleries.com\/<\/div>\n<\/div>\n<div class=\"cvline clearfix\">\n<div class=\"cvdates\">2005<\/div>\n<div class=\"cvinfo\">Occupants. &#8220;Urban Territories&#8221;, Mus\u00e9e d&#8217;art contemporain de Montr\u00e9al. Curator: R\u00e9al Lussier.<\/div>\n<\/div>\n<div class=\"cvline clearfix\">\n<div class=\"cvdates\">2005<\/div>\n<div class=\"cvinfo\">Incorporer (s\u2019). &#8220;Glissements art et \u00e9criture&#8221;, Galerie de l&#8217;UQ\u00c0M (Montr\u00e9al). Curator: Louise D\u00e9ry.<\/div>\n<\/div>\n<div class=\"cvline clearfix\">\n<div class=\"cvdates\">2002<\/div>\n<div class=\"cvinfo\">&#8220;Le m\u00e9tissage comme exp\u00e9rience&#8221;, Maison de la culture Frontenac (Montr\u00e9al). Curator: Manon Tourigny.<\/div>\n<\/div>\n<div class=\"cvline clearfix\">\n<div class=\"cvdates\">2001<\/div>\n<div class=\"cvinfo\">&#8220;Des nouvelles de Tch\u00e9khov&#8221;, centre d&#8217;exposition Plein-sud (Longueuil, Qu\u00e9bec). Curator: Bernard Lamarche.<\/div>\n<\/div>\n<div class=\"cvline clearfix\">\n<div class=\"cvdates\">2001<\/div>\n<div class=\"cvinfo\">&#8220;Proof 8&#8221;, Gallery 44 (Toronto, Canada). http:\/\/www.gallery44.org\/<\/div>\n<\/div>\n<h2>MEDIA ARTS AND FILM FESTIVALS<\/h2>\n<div class=\"cvline clearfix\">\n<div class=\"cvdates\">2016<\/div>\n<div class=\"cvinfo\">Nuit Blanche Toronto, commissaire : Louise D\u00e9ry.<\/div>\n<\/div>\n<div class=\"cvdates\">2014<\/div>\n<div class=\"cvinfo\">Rencontres Internationales Paris-Berlin-Madrid, Haus der Kulturen der Welt, Berlin.<\/div>\n<div class=\"cvline clearfix\">\n<div class=\"cvdates\">2014<\/div>\n<div class=\"cvinfo\">The International Biennial of Contemporary Art of Cartagena de Indias (Colombia), invitation by Les Rencontres Internationales Paris-Berlin-Madrid. Feb. 7 to April 7, 2014.<\/div>\n<\/div>\n<div class=\"cvline clearfix\">\n<div class=\"cvdates\">2014<\/div>\n<div class=\"cvinfo\">Rencontres Internationales Paris-Berlin-Madrid, La Ga\u00eet\u00e9 Lyrique (Paris).<\/div>\n<\/div>\n<div class=\"cvline clearfix\">\n<div class=\"cvdates\">2013<\/div>\n<div class=\"cvinfo\">FIDBA International Documentary Film Festival, Buenos Aires, Argentina.<\/div>\n<\/div>\n<div class=\"cvline clearfix\">\n<div class=\"cvdates\">2013<\/div>\n<div class=\"cvinfo\">Rencontres Internationales Paris-Berlin-Madrid, Haus der Kulturen der Welt, Berlin.<\/div>\n<\/div>\n<div class=\"cvline clearfix\">\n<div class=\"cvdates\">2013<\/div>\n<div class=\"cvinfo\">International FrauenFilmFestival, Fokus Exzess, (Dortmund \/K\u00f6ln, Germany).<\/div>\n<\/div>\n<div class=\"cvline clearfix\">\n<div class=\"cvdates\">2013<\/div>\n<div class=\"cvinfo\">Double N\u00e9gatif, Made in Montreal, (Excentris, Montr\u00e9al, Canada).<\/div>\n<\/div>\n<div class=\"cvline clearfix\">\n<div class=\"cvdates\">2012<\/div>\n<div class=\"cvinfo\">Rencontres Internationales Paris\/Berlin\\Madrid (Palais de Tokyo, Paris, dec. 2012)<\/div>\n<\/div>\n<div class=\"cvline clearfix\">\n<div class=\"cvdates\">2012<\/div>\n<div class=\"cvinfo\">Kasseler Dokfest Film and Video Festival (Kassel, Germany)<\/div>\n<\/div>\n<div class=\"cvline clearfix\">\n<div class=\"cvdates\">2012<\/div>\n<div class=\"cvinfo\">Images Festival, Toronto, Drawing Conclusions program, Jackman Hall (Art Gallery of Ontario).<\/div>\n<\/div>\n<div class=\"cvline clearfix\">\n<div class=\"cvdates\">2007<\/div>\n<div class=\"cvinfo\">Rencontres Internationales Paris-Berlin- Madrid, Babylone Theater, Berlin<\/div>\n<\/div>\n<div class=\"cvline clearfix\">\n<div class=\"cvdates\">2006<\/div>\n<div class=\"cvinfo\">Exground Filmfest, (Wiesbaden, Germany)\u2014Canadian short experimental film program.<\/div>\n<\/div>\n<div class=\"cvline clearfix\">\n<div class=\"cvdates\">2005<\/div>\n<div class=\"cvinfo\">Regina Festival of Cinematic Art (organized by SOIL and Neutral Ground), Saskatchewan, Canada.<\/div>\n<\/div>\n<div class=\"cvline clearfix\">\n<div class=\"cvdates\">2005<\/div>\n<div class=\"cvinfo\">Interactive Screen 05, Banff New Media Institute\u2014week-long event. Banff Centre, Alberta.<\/div>\n<\/div>\n<div class=\"cvline clearfix\">\n<div class=\"cvdates\">2005<\/div>\n<div class=\"cvinfo\">T\u00e9l\u00e9Taxi, Year Zero One Collective in collaboration with Dare-Dare (Montr\u00e9al, Canada).<\/div>\n<\/div>\n<div class=\"cvline clearfix\">\n<div class=\"cvdates\">2004<\/div>\n<div class=\"cvinfo\">P\u00e9riph\u00e9rique 4, Montr\u00e9al. Audio-video performance with artist Patric Lacasse.<\/div>\n<\/div>\n<h2>JURIES AND COMMITTEES<\/h2>\n<div class=\"cvline clearfix\">\n<div class=\"cvdates2\">2016-2017<\/div>\n<div class=\"cvinfo\">Visual Arts Commission, Ville de Sherbrooke.<\/div>\n<div class=\"cvdates\">2016<\/div>\n<div class=\"cvinfo\">Jury member Conseil des arts et des lettres, bourse r\u00e9gionale Estrie.<\/div>\n<div class=\"cvdates2\">2015-2016<\/div>\n<div class=\"cvinfo\">Jury member Conseil des arts et des lettres du Qu\u00e9bec.<\/div>\n<div class=\"cvdates\">2015<\/div>\n<div class=\"cvinfo\">Jury member (francophone) for Media Arts (cinema and video), Canada Art Council.<\/div>\n<\/div>\n<div class=\"cvline clearfix\">\n<div class=\"cvdates\">2015<\/div>\n<div class=\"cvinfo\">Jury for l\u2019Intercoll\u00e9gial d\u2019arts visuels 2014-15, graduating students Qu\u00e9bec C\u00e9geps.<\/div>\n<\/div>\n<div class=\"cvline clearfix\">\n<div class=\"cvdates2\">2009-2014<\/div>\n<div class=\"cvinfo2\">Programming committee centre en art actuel Sporobole, Sherbrooke, Canada.<\/div>\n<\/div>\n<div class=\"cvline clearfix\">\n<div class=\"cvdates2\">2010- 2013<\/div>\n<div class=\"cvinfo2\">Regional expert for the program: Politique d&#8217;int\u00e9gration des arts \u00e0 l&#8217;architecture et \u00e0 l&#8217;environnement des b\u00e2timents et des sites gouvernementaux et publics, Government of Quebec.<\/div>\n<\/div>\n<div class=\"cvline clearfix\">\n<div class=\"cvdates\">2012<\/div>\n<div class=\"cvinfo\">Special Committee for the program : Politique d&#8217;int\u00e9gration des arts \u00e0 l&#8217;architecture, Minist\u00e8re de la Culture et des Communications, Government of Quebec \u2013 Publication of Cahiers de bonnes pratiques pour la p\u00e9rennit\u00e9 des \u0153uvres.<\/div>\n<\/div>\n<div class=\"cvline clearfix\">\n<div class=\"cvdates\">2012<\/div>\n<div class=\"cvinfo\">Jury member for Media Arts (video installation), Conseil des arts et des lettres du Qu\u00e9bec.<\/div>\n<\/div>\n<div class=\"cvline clearfix\">\n<div class=\"cvdates\">2012<\/div>\n<div class=\"cvinfo\">Jury member for Media Arts (cinema and video), Canada Art Council.<\/div>\n<\/div>\n<div class=\"cvline clearfix\">\n<div class=\"cvdates\">2010<\/div>\n<div class=\"cvinfo\">Selection committee for the Film Factory production programme at Main Film.<\/div>\n<\/div>\n<div class=\"cvline clearfix\">\n<div class=\"cvdates\">2008<\/div>\n<div class=\"cvinfo\">Jury member for media arts (cinema et video), bourse A. Conseil des arts et des lettres du Qu\u00e9bec.<\/div>\n<\/div>\n<div class=\"cvline clearfix\">\n<div class=\"cvdates\">2008<\/div>\n<div class=\"cvinfo\">Guest Editor-in-chief for the on-line magazine .dpi no 12. dpi.studioxx.org<\/div>\n<\/div>\n<div class=\"cvline clearfix\">\n<div class=\"cvdates\">2007<\/div>\n<div class=\"cvinfo\">Guest Editor-in-chief for the on-line magazine .dpi no 8. dpi.studioxx.org<\/div>\n<\/div>\n<div class=\"cvline clearfix\">\n<div class=\"cvdates2\">2005-2006<\/div>\n<div class=\"cvinfo2\">Member for the publication and programming committee SKOL (Montr\u00e9al). www.skol.ca<\/div>\n<\/div>\n<div class=\"cvline clearfix\">\n<div class=\"cvdates2\">2005-2006<\/div>\n<div class=\"cvinfo2\">Member for the programming committee at La Centrale (Montr\u00e9al). www.lacentrale.org<\/div>\n<\/div>\n<h2>RESIDENCIES<\/h2>\n<div class=\"cvline clearfix\">\n<div class=\"cvdates2\">2008-2009<\/div>\n<div class=\"cvinfo\">16mm Film Production residency\u2014&#8221;La Manufacture de films&#8221;, Main Film (Montr\u00e9al, Canada)<\/div>\n<\/div>\n<div class=\"cvline clearfix\">\n<div class=\"cvdates\">2004<\/div>\n<div class=\"cvinfo\">IntraNation, thematic residency at the Banff Centre for the Arts, Alberta, Canada.<\/div>\n<\/div>\n<div class=\"cvline clearfix\">\n<div class=\"cvdates\">1999<\/div>\n<div class=\"cvinfo\">Travel study in Belgium, Agence Qu\u00e9bec-Wallonie-Bruxelles.<\/div>\n<\/div>\n<h2>PUBLICATIONS<\/h2>\n<div class=\"CVLINE CLEARFIX\">\n<div class=\"cvdates\">2014<\/div>\n<div class=\"cvinfo\">Myriam Yates, monography edited by the Foreman Art Gallery of Bishop\u2019s University. Essay by Vicky Chainey-Gagnon, curator, Lesley Johnstone and Scott McLeod. Spring 2014.<\/div>\n<\/div>\n<div class=\"cvline clearfix\">\n<div class=\"cvdates\">2014<\/div>\n<div class=\"cvinfo\">Prefix Photo magazine, portefolio and essay by Scott McLoed. Issue # 29 Improbable Architecture<\/div>\n<\/div>\n<h2>GRANTS AND PRIZES<\/h2>\n<div class=\"cvline clearfix\">\n<div class=\"cvdates\">2018<\/div>\n<div class=\"cvinfo\">Conseil des arts et des lettres du Qu\u00e9bec, production grant, media arts, Dakar, S\u00e9n\u00e9gal.<\/div>\n<\/div>\n<div class=\"cvline clearfix\">\n<div class=\"cvdates\">2018<\/div>\n<div class=\"cvinfo\">Canada Art Council, exploration grant, playgrounds, New-York City.<\/div>\n<div class=\"cvline clearfix\">\n<div class=\"cvdates\">2015<\/div>\n<div class=\"cvinfo\">Victor Martyn Lynch-Staunton Award, Canada Art Council, media arts.<\/div>\n<\/div>\n<div class=\"cvline clearfix\">\n<div class=\"cvdates\">2015<\/div>\n<div class=\"cvinfo\">SODEC, Support program for visual artists.<\/div>\n<\/div>\n<div class=\"cvline clearfix\">\n<div class=\"cvdates\">2014<\/div>\n<div class=\"cvinfo\">Conseil des arts et des lettres du Qu\u00e9bec, production grant, media arts.<\/div>\n<\/div>\n<div class=\"cvline clearfix\">\n<div class=\"cvdates\">2014<\/div>\n<div class=\"cvinfo\">Canada Art Council, production grant, film and vid\u00e9o.<\/div>\n<\/div>\n<div class=\"cvline clearfix\">\n<div class=\"cvdates\">2014<\/div>\n<div class=\"cvinfo\">SODEC, Support program for visual artists.<\/div>\n<\/div>\n<div class=\"cvline clearfix\">\n<div class=\"cvdates\">2014<\/div>\n<div class=\"cvinfo\">Travel grant, Qu\u00e9bec art Council for Rencontres internationales Paris-Berlin, Madrid, Paris.<\/div>\n<\/div>\n<div class=\"cvline clearfix\">\n<div class=\"cvdates\">2013<\/div>\n<div class=\"cvinfo\">Travel grant, Qu\u00e9bec art Council for Rencontres internationales Paris-Berlin, Madrid, Berlin.<\/div>\n<\/div>\n<div class=\"cvline clearfix\">\n<div class=\"cvdates\">2013<\/div>\n<div class=\"cvinfo\">Production grant, Qu\u00e9bec Art Council and Conf\u00e9rence r\u00e9gionale des \u00e9lus de l\u2019Estrie.<\/div>\n<\/div>\n<div class=\"cvline clearfix\">\n<div class=\"cvdates\">2012<\/div>\n<div class=\"cvinfo\">Travel grant, (Kasseler Dokfest, Kassel). Conseil des arts et des lettres du Qu\u00e9bec.<\/div>\n<\/div>\n<div class=\"cvline clearfix\">\n<div class=\"cvdates\">2012<\/div>\n<div class=\"cvinfo\">Travel grant, (Images Festival, Toronto). Conseil des arts et des lettres du Qu\u00e9bec.<\/div>\n<\/div>\n<div class=\"cvline clearfix\">\n<div class=\"cvdates\">2011<\/div>\n<div class=\"cvinfo\">Creative support program, PRIM media arts center.<\/div>\n<\/div>\n<div class=\"cvline clearfix\">\n<div class=\"cvdates\">2011<\/div>\n<div class=\"cvinfo\">Production grant, film and video, Canada Council for the Arts.<\/div>\n<\/div>\n<div class=\"cvline clearfix\">\n<div class=\"cvdates\">2010<\/div>\n<div class=\"cvinfo\">Production grant, video installation, Conseil des arts et des lettres du Qu\u00e9bec.<\/div>\n<\/div>\n<div class=\"cvline clearfix\">\n<div class=\"cvdates\">2009<\/div>\n<div class=\"cvinfo\">Artiste ambassadeur grant, City of Sherbrooke.<\/div>\n<\/div>\n<div class=\"cvline clearfix\">\n<div class=\"cvdates\">2008<\/div>\n<div class=\"cvinfo\">Films Manufacture production grant, Main Film (Montr\u00e9al).<\/div>\n<\/div>\n<div class=\"cvline clearfix\">\n<div class=\"cvdates\">2007<\/div>\n<div class=\"cvinfo\">Travel grant, Conseil des arts et lettres du Qu\u00e9bec to Rencontres internationales Paris-Berlin<\/div>\n<\/div>\n<div class=\"cvline clearfix\">\n<div class=\"cvdates\">2004<\/div>\n<div class=\"cvinfo\">Grand prize CYBERPITCH04, Festival du Nouveau Cin\u00e9ma, (Montr\u00e9al)\u2014comprised of grants from Vid\u00e9ographe (Montr\u00e9al), the Bell New Media Fund and the Banff Centre for the arts.<\/div>\n<\/div>\n<div class=\"cvline clearfix\">\n<div class=\"cvdates\">2004<\/div>\n<div class=\"cvinfo\">Financial award, Banff Centre for the Arts\u2014for a residency program.<\/div>\n<\/div>\n<div class=\"cvline clearfix\">\n<div class=\"cvdates\">2003<\/div>\n<div class=\"cvinfo\">Grant, Centre Interuniversitaire en Arts M\u00e9diatiques (CIAM).<\/div>\n<\/div>\n<div class=\"cvline clearfix\">\n<div class=\"cvdates\">2003<\/div>\n<div class=\"cvinfo\">Excellence grant, UQ\u00c0M (Montr\u00e9al).<\/div>\n<\/div>\n<div class=\"cvline clearfix\">\n<div class=\"cvdates\">2002<\/div>\n<div class=\"cvinfo\">Pierre P\u00e9ladeau grant for excellence, UQ\u00c0M (Montr\u00e9al).<\/div>\n<\/div>\n<div class=\"cvline clearfix\">\n<div class=\"cvdates\">2002<\/div>\n<div class=\"cvinfo\">Travel grant, Office Franco-Qu\u00e9b\u00e9cois pour la Jeunesse, (OQAJ)\u2014for study at l&#8217;ENSAD, Paris).<\/div>\n<\/div>\n<div class=\"cvline clearfix\">\n<div class=\"cvdates\">1999<\/div>\n<div class=\"cvinfo\">Travel grant, l&#8217;Agence Qu\u00e9bec Wallonie Bruxelles pour la jeunesse (AQWJ).<\/div>\n<\/div>\n<h2>COLLECTIONS<\/h2>\n<div class=\"cvline clearfix\">\n<div class=\"cvdates\">2017<\/div>\n<div class=\"cvinfo\">Universit\u00e9 de Sherbrooke, Facult\u00e9 de M\u00e9decine<\/div>\n<\/div>\n<div class=\"cvdates\">2016<\/div>\n<div class=\"cvinfo\">Mus\u00e9e d&#8217;art contemporain de Montr\u00e9al<\/div>\n<\/div>\n<div class=\"cvdates\">2013<\/div>\n<div class=\"cvinfo\">Cirque du Soleil Head quarter in Montreal<\/div>\n<div class=\"cvline clearfix\">\n<div class=\"cvdates\">2001<\/div>\n<div class=\"cvinfo\">Mus\u00e9e National des Beaux-arts du Qu\u00e9bec<\/div>\n<\/div>\n<div class=\"cvline clearfix\">\n<div class=\"cvdates\">1997<\/div>\n<div class=\"cvinfo\">Fasken Martineau law firm.<\/div>\n<\/div>\n<\/div>\n<\/div>\n","protected":false},"excerpt":{"rendered":"<p>CV CV_MYates_March2020EN EDUCATION 2001-2004 MFA\u2014(Master degree in Visual Arts) Universit\u00e9 du Qu\u00e9bec \u00e0 Montr\u00e9al (UQ\u00c0M) 2002 Internship\u2014Video Department, \u00c9cole Nationale&#8230;<\/p>\n","protected":false},"author":2,"featured_media":0,"parent":0,"menu_order":0,"comment_status":"open","ping_status":"open","template":"","meta":{"footnotes":""},"class_list":["post-494","page","type-page","status-publish","hentry"],"_links":{"self":[{"href":"https:\/\/www.myriamyates.com\/en\/wp-json\/wp\/v2\/pages\/494","targetHints":{"allow":["GET"]}}],"collection":[{"href":"https:\/\/www.myriamyates.com\/en\/wp-json\/wp\/v2\/pages"}],"about":[{"href":"https:\/\/www.myriamyates.com\/en\/wp-json\/wp\/v2\/types\/page"}],"author":[{"embeddable":true,"href":"https:\/\/www.myriamyates.com\/en\/wp-json\/wp\/v2\/users\/2"}],"replies":[{"embeddable":true,"href":"https:\/\/www.myriamyates.com\/en\/wp-json\/wp\/v2\/comments?post=494"}],"version-history":[{"count":26,"href":"https:\/\/www.myriamyates.com\/en\/wp-json\/wp\/v2\/pages\/494\/revisions"}],"predecessor-version":[{"id":1437,"href":"https:\/\/www.myriamyates.com\/en\/wp-json\/wp\/v2\/pages\/494\/revisions\/1437"}],"wp:attachment":[{"href":"https:\/\/www.myriamyates.com\/en\/wp-json\/wp\/v2\/media?parent=494"}],"curies":[{"name":"wp","href":"https:\/\/api.w.org\/{rel}","templated":true}]}}